{"id":71,"date":"2017-08-22T10:05:45","date_gmt":"2017-08-22T10:05:45","guid":{"rendered":"https:\/\/www.globalsp.com\/support\/?page_id=71"},"modified":"2024-10-08T09:37:05","modified_gmt":"2024-10-08T09:37:05","slug":"configuration-exchange-ios","status":"publish","type":"page","link":"https:\/\/www.globalsp.com\/support\/procedures\/hosted-exchange\/configuration-exchange-ios\/","title":{"rendered":"Configuration Exchange sur iOS"},"content":{"rendered":"<div class=\"wpb-content-wrapper\"><p>[et_pb_section fb_built=\u00a0\u00bb1&Prime; admin_label=\u00a0\u00bbsection\u00a0\u00bb _builder_version=\u00a0\u00bb4.16&Prime; global_colors_info=\u00a0\u00bb{}\u00a0\u00bb][et_pb_row _builder_version=\u00a0\u00bb4.27.2&Prime; _module_preset=\u00a0\u00bbdefault\u00a0\u00bb custom_padding=\u00a0\u00bb0px||0px||false|false\u00a0\u00bb global_colors_info=\u00a0\u00bb{}\u00a0\u00bb theme_builder_area=\u00a0\u00bbpost_content\u00a0\u00bb][et_pb_column type=\u00a0\u00bb4_4&Prime; _builder_version=\u00a0\u00bb4.27.2&Prime; _module_preset=\u00a0\u00bbdefault\u00a0\u00bb global_colors_info=\u00a0\u00bb{}\u00a0\u00bb theme_builder_area=\u00a0\u00bbpost_content\u00a0\u00bb][et_pb_text _builder_version=\u00a0\u00bb4.27.2&Prime; _module_preset=\u00a0\u00bbdefault\u00a0\u00bb header_font=\u00a0\u00bb|600||on|||||\u00a0\u00bb header_text_align=\u00a0\u00bbcenter\u00a0\u00bb header_line_height=\u00a0\u00bb1.7em\u00a0\u00bb header_2_font=\u00a0\u00bb|600||on|||||\u00a0\u00bb header_2_text_align=\u00a0\u00bbcenter\u00a0\u00bb header_2_font_size=\u00a0\u00bb28px\u00a0\u00bb header_2_line_height=\u00a0\u00bb1.7em\u00a0\u00bb hover_enabled=\u00a0\u00bb0&Prime; global_colors_info=\u00a0\u00bb{}\u00a0\u00bb theme_builder_area=\u00a0\u00bbpost_content\u00a0\u00bb sticky_enabled=\u00a0\u00bb0&Prime;]<\/p>\n<h1 class=\"entry-title main_title\">Configuration Exchange sur iOS<\/h1>\n<p>[\/et_pb_text][\/et_pb_column][\/et_pb_row][et_pb_row admin_label=\u00a0\u00bbrow\u00a0\u00bb _builder_version=\u00a0\u00bb4.27.2&Prime; background_size=\u00a0\u00bbinitial\u00a0\u00bb background_position=\u00a0\u00bbtop_left\u00a0\u00bb background_repeat=\u00a0\u00bbrepeat\u00a0\u00bb hover_enabled=\u00a0\u00bb0&Prime; global_colors_info=\u00a0\u00bb{}\u00a0\u00bb custom_padding=\u00a0\u00bb3px|||||\u00a0\u00bb width=\u00a0\u00bb85%\u00a0\u00bb sticky_enabled=\u00a0\u00bb0&Prime;][et_pb_column type=\u00a0\u00bb4_4&Prime; _builder_version=\u00a0\u00bb4.16&Prime; custom_padding=\u00a0\u00bb|||\u00a0\u00bb global_colors_info=\u00a0\u00bb{}\u00a0\u00bb custom_padding__hover=\u00a0\u00bb|||\u00a0\u00bb][et_pb_text admin_label=\u00a0\u00bbText\u00a0\u00bb _builder_version=\u00a0\u00bb4.27.2&Prime; background_size=\u00a0\u00bbinitial\u00a0\u00bb background_position=\u00a0\u00bbtop_left\u00a0\u00bb background_repeat=\u00a0\u00bbrepeat\u00a0\u00bb hover_enabled=\u00a0\u00bb0&Prime; global_colors_info=\u00a0\u00bb{}\u00a0\u00bb sticky_enabled=\u00a0\u00bb0&Prime;]<\/p>\n<p>[vc_row][vc_column width=\u00a0\u00bb2\/3&Prime; el_class=\u00a0\u00bbprocedure\u00a0\u00bb css=\u00a0\u00bb.vc_custom_1507561545049{margin-right: 40px !important;}\u00a0\u00bb][vc_column_text el_class=\u00a0\u00bbprocedure_texte\u00a0\u00bb]Cette proc\u00e9dure s&rsquo;applique \u00e0 tous les appareils qui fonctionnent sous iOS, c&rsquo;est-\u00e0-dire les iPhone et les iPad.[\/vc_column_text][vc_column_text el_class=\u00a0\u00bbprocedure_texte\u00a0\u00bb]Sur l\u2019\u00e9cran d\u2019accueil de votre appareil, appuyez sur l&rsquo;ic\u00f4ne \u00ab\u00a0R\u00e9glages\u00a0\u00bb.\u00a0L\u2019ajout d\u2019un compte s\u2019effectue de trois mani\u00e8res selon votre version d\u2019iOS<span class=\"widont\">\u00a0<\/span>:<\/p>\n<p>\u2022\u00a0<strong>pour iOS 7, 8 et 9 :<\/strong> appuyez sur\u00a0 \u00ab\u00a0Mail, Contacts, Calendrier\u00a0\u00bb, puis sur \u00ab\u00a0Ajouter un compte\u00a0\u00bb. Choisissez finalement \u00ab\u00a0Exchange\u00a0\u00bb<\/p>\n<p>\u2022\u00a0<strong>pour iOS 10 :<\/strong> appuyez sur\u00a0 \u00ab\u00a0Mail\u00a0\u00bb, puis sur \u00ab\u00a0Comptes\u00a0\u00bb, puis sur \u00ab\u00a0Ajouter un compte\u00a0\u00bb. Choisissez finalement \u00ab\u00a0Exchange\u00a0\u00bb<\/p>\n<p>\u2022\u00a0<strong>pour iOS 11 :<\/strong> appuyez sur \u00ab\u00a0Comptes et mots de passe\u00a0\u00bb, puis sur \u00ab\u00a0Ajouter un compte\u00a0\u00bb. Choisissez finalement \u00ab\u00a0Exchange\u00a0\u00bb[\/vc_column_text][vc_single_image image=\u00a0\u00bb1323&Prime; img_size=\u00a0\u00bbfull\u00a0\u00bb style=\u00a0\u00bbvc_box_outline\u00a0\u00bb onclick=\u00a0\u00bblink_image\u00a0\u00bb][vc_column_text el_class=\u00a0\u00bbprocedure_texte\u00a0\u00bb]Remplissez les champs suivants :<\/p>\n<p>\u2022 Adresse : votre adresse mail compl\u00e8te (exemple : prenom.nom@domaine.com)<br \/>\u2022 Mot de passe : le mot de passe de votre messagerie Outlook<br \/>\u2022 Description : un nom arbitraire pour pouvoir vous rep\u00e9rer si vous disposez de plusieurs comptes mails (POP, IMAP\u2026) configur\u00e9s sur l&rsquo;iPhone<\/p>\n<p>&nbsp;<\/p>\n<p>Appuyez ensuite sur \u00ab Suivant \u00bb :[\/vc_column_text][vc_single_image image=\u00a0\u00bb1324&Prime; img_size=\u00a0\u00bbfull\u00a0\u00bb style=\u00a0\u00bbvc_box_outline\u00a0\u00bb onclick=\u00a0\u00bblink_image\u00a0\u00bb][vc_column_text el_class=\u00a0\u00bbprocedure_texte\u00a0\u00bb]Choisissez les \u00e9l\u00e9ments que vous souhaitez synchroniser.<\/p>\n<p>&nbsp;<\/p>\n<p><span style=\"color: #ff0000;\"><strong>ATTENTION : si vos contacts ne sont pas enregistr\u00e9s sur votre carte SIM ou s&rsquo;ils ne sont pas pr\u00e9sents sur votre compte de messagerie (visibles sous Outlook), ils seront supprim\u00e9s ou remplac\u00e9s par ceux du compte Exchange <\/strong><strong>lors de la synchronisation.<\/strong><\/span><\/p>\n<p>&nbsp;<\/p>\n<p>Pour finir, appuyez sur \u00ab Enregistrer \u00bb :[\/vc_column_text][vc_single_image image=\u00a0\u00bb1326&Prime; img_size=\u00a0\u00bbfull\u00a0\u00bb style=\u00a0\u00bbvc_box_outline\u00a0\u00bb onclick=\u00a0\u00bblink_image\u00a0\u00bb][vc_column_text el_class=\u00a0\u00bbprocedure_texte\u00a0\u00bb]Votre compte Exchange est maintenant configur\u00e9 sur votre appareil iOS.[\/vc_column_text][\/vc_column][vc_column width=\u00a0\u00bb1\/3&Prime; el_class=\u00a0\u00bbprocedures_similaires\u00a0\u00bb css=\u00a0\u00bb.vc_custom_1508419955107{margin-left: 20px !important;padding-top: 30px !important;padding-right: 30px !important;padding-left: 30px !important;background-color: #f6f4f4 !important;border-radius: 10px !important;}\u00a0\u00bb][vc_column_text el_class=\u00a0\u00bbprocedures_similaires_title\u00a0\u00bb]<\/p>\n<h2>Proc\u00e9dures similaires<\/h2>\n<p>[\/vc_column_text][vc_column_text css=\u00a0\u00bb.vc_custom_1519986031682{margin-bottom: 25px !important;}\u00a0\u00bb]<\/p>\n<p class=\"p1\"><img loading=\"lazy\" decoding=\"async\" class=\"alignnone wp-image-545 size-full\" src=\"https:\/\/www.globalsp.com\/support\/wp-content\/uploads\/2017\/07\/paper.png\" alt=\"\" width=\"29\" height=\"35\" \/>\u00a0 <a href=\"https:\/\/www.globalsp.com\/support\/procedures\/hosted-exchange\/configuration-exchange-android\/\">Configuration Exchange sur Android<\/a><\/p>\n<p>[\/vc_column_text][vc_separator css=\u00a0\u00bb.vc_custom_1507815346304{margin-bottom: 27px !important;}\u00a0\u00bb][vc_column_text css=\u00a0\u00bb.vc_custom_1519986056829{margin-bottom: 25px !important;}\u00a0\u00bb]<\/p>\n<p class=\"p1\"><img loading=\"lazy\" decoding=\"async\" class=\"alignnone wp-image-545 size-full\" src=\"https:\/\/www.globalsp.com\/support\/wp-content\/uploads\/2017\/07\/paper.png\" alt=\"\" width=\"29\" height=\"35\" \/>\u00a0 <a href=\"https:\/\/www.globalsp.com\/support\/procedures\/hosted-exchange\/configuration-exchange-windows-phone\/\">Configuration Exchange sur Windows Phone<\/a><\/p>\n<p>[\/vc_column_text][\/vc_column][\/vc_row]<\/p>\n<p>[\/et_pb_text][\/et_pb_column][\/et_pb_row][\/et_pb_section]<\/p>\n<\/div>","protected":false},"excerpt":{"rendered":"<p>Configuration Exchange sur iOS[vc_row][vc_column width=\u00a0\u00bb2\/3&Prime; el_class=\u00a0\u00bbprocedure\u00a0\u00bb css=\u00a0\u00bb.vc_custom_1507561545049{margin-right: 40px !important;}\u00a0\u00bb][vc_column_text el_class=\u00a0\u00bbprocedure_texte\u00a0\u00bb]Cette proc\u00e9dure s&rsquo;applique \u00e0 tous les appareils qui fonctionnent sous iOS, c&rsquo;est-\u00e0-dire les iPhone et les iPad.[\/vc_column_text][vc_column_text el_class=\u00a0\u00bbprocedure_texte\u00a0\u00bb]Sur l\u2019\u00e9cran d\u2019accueil de votre appareil, appuyez sur l&rsquo;ic\u00f4ne \u00ab\u00a0R\u00e9glages\u00a0\u00bb.\u00a0L\u2019ajout d\u2019un compte s\u2019effectue de trois mani\u00e8res selon votre version d\u2019iOS\u00a0: \u2022\u00a0pour iOS 7, 8 et 9 : appuyez sur\u00a0 [&hellip;]<\/p>\n","protected":false},"author":8,"featured_media":0,"parent":68,"menu_order":0,"comment_status":"closed","ping_status":"closed","template":"","meta":{"_et_pb_use_builder":"on","_et_pb_old_content":"[vc_row][vc_column width=\"2\/3\" el_class=\"procedure\" css=\".vc_custom_1507561545049{margin-right: 40px !important;}\"][vc_column_text el_class=\"procedure_texte\"]Cette proc\u00e9dure s'applique \u00e0 tous les appareils qui fonctionnent sous iOS, c'est-\u00e0-dire les iPhone et les iPad.[\/vc_column_text][vc_column_text el_class=\"procedure_texte\"]Sur l\u2019\u00e9cran d\u2019accueil de votre appareil, appuyez sur l'ic\u00f4ne \"R\u00e9glages\".\u00a0L\u2019ajout d\u2019un compte s\u2019effectue de trois mani\u00e8res selon votre version d\u2019iOS<span class=\"widont\">\u00a0<\/span>:\r\n\r\n\u2022\u00a0<strong>pour iOS 7, 8 et 9 :<\/strong> appuyez sur\u00a0 \"Mail, Contacts, Calendrier\", puis sur \"Ajouter un compte\". Choisissez finalement \"Exchange\"\r\n\r\n\u2022\u00a0<strong>pour iOS 10 :<\/strong> appuyez sur\u00a0 \"Mail\", puis sur \"Comptes\", puis sur \"Ajouter un compte\". Choisissez finalement \"Exchange\"\r\n\r\n\u2022\u00a0<strong>pour iOS 11 :<\/strong> appuyez sur \"Comptes et mots de passe\", puis sur \"Ajouter un compte\". Choisissez finalement \"Exchange\"[\/vc_column_text][vc_single_image image=\"1323\" img_size=\"full\" style=\"vc_box_outline\" onclick=\"link_image\"][vc_column_text el_class=\"procedure_texte\"]Remplissez les champs suivants :\r\n\r\n\u2022 Adresse : votre adresse mail compl\u00e8te (exemple : prenom.nom@domaine.com)\r\n\u2022 Mot de passe : le mot de passe de votre messagerie Outlook\r\n\u2022 Description : un nom arbitraire pour pouvoir vous rep\u00e9rer si vous disposez de plusieurs comptes mails (POP, IMAP\u2026) configur\u00e9s sur l'iPhone\r\n\r\n&nbsp;\r\n\r\nAppuyez ensuite sur \u00ab Suivant \u00bb :[\/vc_column_text][vc_single_image image=\"1324\" img_size=\"full\" style=\"vc_box_outline\" onclick=\"link_image\"][vc_column_text el_class=\"procedure_texte\"]Choisissez les \u00e9l\u00e9ments que vous souhaitez synchroniser.\r\n\r\n&nbsp;\r\n\r\n<span style=\"color: #ff0000;\"><strong>ATTENTION : si vos contacts ne sont pas enregistr\u00e9s sur votre carte SIM ou s'ils ne sont pas pr\u00e9sents sur votre compte de messagerie (visibles sous Outlook), ils seront supprim\u00e9s ou remplac\u00e9s par ceux du compte Exchange <\/strong><strong>lors de la synchronisation.<\/strong><\/span>\r\n\r\n&nbsp;\r\n\r\nPour finir, appuyez sur \u00ab Enregistrer \u00bb :[\/vc_column_text][vc_single_image image=\"1326\" img_size=\"full\" style=\"vc_box_outline\" onclick=\"link_image\"][vc_column_text el_class=\"procedure_texte\"]Votre compte Exchange est maintenant configur\u00e9 sur votre appareil iOS.[\/vc_column_text][\/vc_column][vc_column width=\"1\/3\" el_class=\"procedures_similaires\" css=\".vc_custom_1508419955107{margin-left: 20px !important;padding-top: 30px !important;padding-right: 30px !important;padding-left: 30px !important;background-color: #f6f4f4 !important;border-radius: 10px !important;}\"][vc_column_text el_class=\"procedures_similaires_title\"]\r\n<h2>Proc\u00e9dures similaires<\/h2>\r\n[\/vc_column_text][vc_column_text css=\".vc_custom_1519986031682{margin-bottom: 25px !important;}\"]\r\n<p class=\"p1\"><img class=\"alignnone wp-image-545 size-full\" src=\"https:\/\/www.globalsp.com\/support\/wp-content\/uploads\/2017\/07\/paper.png\" alt=\"\" width=\"29\" height=\"35\" \/><a href=\"https:\/\/www.globalsp.com\/support\/procedures\/hosted-exchange\/configuration-exchange-android\/\">Configuration Exchange sur Android<\/a><\/p>\r\n[\/vc_column_text][vc_separator css=\".vc_custom_1507815346304{margin-bottom: 27px !important;}\"][vc_column_text css=\".vc_custom_1519986056829{margin-bottom: 25px !important;}\"]\r\n<p class=\"p1\"><img class=\"alignnone wp-image-545 size-full\" src=\"https:\/\/www.globalsp.com\/support\/wp-content\/uploads\/2017\/07\/paper.png\" alt=\"\" width=\"29\" height=\"35\" \/><a href=\"https:\/\/www.globalsp.com\/support\/procedures\/hosted-exchange\/configuration-exchange-windows-phone\/\">Configuration Exchange sur Windows Phone<\/a><\/p>\r\n[\/vc_column_text][\/vc_column][\/vc_row]","_et_gb_content_width":"","footnotes":""},"class_list":["post-71","page","type-page","status-publish","hentry"],"yoast_head":"<!-- This site is optimized with the Yoast SEO plugin v27.5 - https:\/\/yoast.com\/product\/yoast-seo-wordpress\/ -->\n<title>Configuration Exchange sur iOS - Support Global SP<\/title>\n<meta name=\"robots\" content=\"index, follow, max-snippet:-1, max-image-preview:large, max-video-preview:-1\" \/>\n<link rel=\"canonical\" href=\"https:\/\/www.globalsp.com\/support\/procedures\/hosted-exchange\/configuration-exchange-ios\/\" \/>\n<meta property=\"og:locale\" content=\"fr_FR\" \/>\n<meta property=\"og:type\" content=\"article\" \/>\n<meta property=\"og:title\" content=\"Configuration Exchange sur iOS - Support Global SP\" \/>\n<meta property=\"og:description\" content=\"Configuration Exchange sur iOS[vc_row][vc_column width=&quot;2\/3&quot; el_class=&quot;procedure&quot; css=&quot;.vc_custom_1507561545049{margin-right: 40px !important;}&quot;][vc_column_text el_class=&quot;procedure_texte&quot;]Cette proc\u00e9dure s&#039;applique \u00e0 tous les appareils qui fonctionnent sous iOS, c&#039;est-\u00e0-dire les iPhone et les iPad.[\/vc_column_text][vc_column_text el_class=&quot;procedure_texte&quot;]Sur l\u2019\u00e9cran d\u2019accueil de votre appareil, appuyez sur l&#039;ic\u00f4ne &quot;R\u00e9glages&quot;.\u00a0L\u2019ajout d\u2019un compte s\u2019effectue de trois mani\u00e8res selon votre version d\u2019iOS\u00a0: \u2022\u00a0pour iOS 7, 8 et 9 : appuyez sur\u00a0 [&hellip;]\" \/>\n<meta property=\"og:url\" content=\"https:\/\/www.globalsp.com\/support\/procedures\/hosted-exchange\/configuration-exchange-ios\/\" \/>\n<meta property=\"og:site_name\" content=\"Support Global SP\" \/>\n<meta property=\"article:modified_time\" content=\"2024-10-08T09:37:05+00:00\" \/>\n<meta property=\"og:image\" content=\"https:\/\/www.globalsp.com\/support\/wp-content\/uploads\/2017\/07\/paper.png\" \/>\n<meta name=\"twitter:card\" content=\"summary_large_image\" \/>\n<meta name=\"twitter:label1\" content=\"Dur\u00e9e de lecture estim\u00e9e\" \/>\n\t<meta name=\"twitter:data1\" content=\"3 minutes\" \/>\n<script type=\"application\/ld+json\" class=\"yoast-schema-graph\">{\"@context\":\"https:\\\/\\\/schema.org\",\"@graph\":[{\"@type\":\"WebPage\",\"@id\":\"https:\\\/\\\/www.globalsp.com\\\/support\\\/procedures\\\/hosted-exchange\\\/configuration-exchange-ios\\\/\",\"url\":\"https:\\\/\\\/www.globalsp.com\\\/support\\\/procedures\\\/hosted-exchange\\\/configuration-exchange-ios\\\/\",\"name\":\"Configuration Exchange sur iOS - Support Global SP\",\"isPartOf\":{\"@id\":\"https:\\\/\\\/www.globalsp.com\\\/support\\\/#website\"},\"primaryImageOfPage\":{\"@id\":\"https:\\\/\\\/www.globalsp.com\\\/support\\\/procedures\\\/hosted-exchange\\\/configuration-exchange-ios\\\/#primaryimage\"},\"image\":{\"@id\":\"https:\\\/\\\/www.globalsp.com\\\/support\\\/procedures\\\/hosted-exchange\\\/configuration-exchange-ios\\\/#primaryimage\"},\"thumbnailUrl\":\"https:\\\/\\\/www.globalsp.com\\\/support\\\/wp-content\\\/uploads\\\/2017\\\/07\\\/paper.png\",\"datePublished\":\"2017-08-22T10:05:45+00:00\",\"dateModified\":\"2024-10-08T09:37:05+00:00\",\"breadcrumb\":{\"@id\":\"https:\\\/\\\/www.globalsp.com\\\/support\\\/procedures\\\/hosted-exchange\\\/configuration-exchange-ios\\\/#breadcrumb\"},\"inLanguage\":\"fr-FR\",\"potentialAction\":[{\"@type\":\"ReadAction\",\"target\":[\"https:\\\/\\\/www.globalsp.com\\\/support\\\/procedures\\\/hosted-exchange\\\/configuration-exchange-ios\\\/\"]}]},{\"@type\":\"ImageObject\",\"inLanguage\":\"fr-FR\",\"@id\":\"https:\\\/\\\/www.globalsp.com\\\/support\\\/procedures\\\/hosted-exchange\\\/configuration-exchange-ios\\\/#primaryimage\",\"url\":\"https:\\\/\\\/www.globalsp.com\\\/support\\\/wp-content\\\/uploads\\\/2017\\\/07\\\/paper.png\",\"contentUrl\":\"https:\\\/\\\/www.globalsp.com\\\/support\\\/wp-content\\\/uploads\\\/2017\\\/07\\\/paper.png\",\"width\":29,\"height\":35},{\"@type\":\"BreadcrumbList\",\"@id\":\"https:\\\/\\\/www.globalsp.com\\\/support\\\/procedures\\\/hosted-exchange\\\/configuration-exchange-ios\\\/#breadcrumb\",\"itemListElement\":[{\"@type\":\"ListItem\",\"position\":1,\"name\":\"Accueil\",\"item\":\"https:\\\/\\\/www.globalsp.com\\\/support\\\/\"},{\"@type\":\"ListItem\",\"position\":2,\"name\":\"Proc\u00e9dures\",\"item\":\"https:\\\/\\\/www.globalsp.com\\\/support\\\/procedures\\\/\"},{\"@type\":\"ListItem\",\"position\":3,\"name\":\"Hosted Exchange\",\"item\":\"https:\\\/\\\/www.globalsp.com\\\/support\\\/procedures\\\/hosted-exchange\\\/\"},{\"@type\":\"ListItem\",\"position\":4,\"name\":\"Configuration Exchange sur iOS\"}]},{\"@type\":\"WebSite\",\"@id\":\"https:\\\/\\\/www.globalsp.com\\\/support\\\/#website\",\"url\":\"https:\\\/\\\/www.globalsp.com\\\/support\\\/\",\"name\":\"Support Global SP\",\"description\":\"Bienvenue sur le site du support de Global SP ! Vous y trouverez toutes les informations n\u00e9cessaires \u00e0 l&#039;administration de vos services.\",\"publisher\":{\"@id\":\"https:\\\/\\\/www.globalsp.com\\\/support\\\/#organization\"},\"potentialAction\":[{\"@type\":\"SearchAction\",\"target\":{\"@type\":\"EntryPoint\",\"urlTemplate\":\"https:\\\/\\\/www.globalsp.com\\\/support\\\/?s={search_term_string}\"},\"query-input\":{\"@type\":\"PropertyValueSpecification\",\"valueRequired\":true,\"valueName\":\"search_term_string\"}}],\"inLanguage\":\"fr-FR\"},{\"@type\":\"Organization\",\"@id\":\"https:\\\/\\\/www.globalsp.com\\\/support\\\/#organization\",\"name\":\"Global SP\",\"url\":\"https:\\\/\\\/www.globalsp.com\\\/support\\\/\",\"logo\":{\"@type\":\"ImageObject\",\"inLanguage\":\"fr-FR\",\"@id\":\"https:\\\/\\\/www.globalsp.com\\\/support\\\/#\\\/schema\\\/logo\\\/image\\\/\",\"url\":\"https:\\\/\\\/www.globalsp.com\\\/support\\\/wp-content\\\/uploads\\\/2018\\\/03\\\/Logo_GSP_noir_web_BD.png\",\"contentUrl\":\"https:\\\/\\\/www.globalsp.com\\\/support\\\/wp-content\\\/uploads\\\/2018\\\/03\\\/Logo_GSP_noir_web_BD.png\",\"width\":300,\"height\":44,\"caption\":\"Global SP\"},\"image\":{\"@id\":\"https:\\\/\\\/www.globalsp.com\\\/support\\\/#\\\/schema\\\/logo\\\/image\\\/\"}}]}<\/script>\n<!-- \/ Yoast SEO plugin. -->","yoast_head_json":{"title":"Configuration Exchange sur iOS - Support Global SP","robots":{"index":"index","follow":"follow","max-snippet":"max-snippet:-1","max-image-preview":"max-image-preview:large","max-video-preview":"max-video-preview:-1"},"canonical":"https:\/\/www.globalsp.com\/support\/procedures\/hosted-exchange\/configuration-exchange-ios\/","og_locale":"fr_FR","og_type":"article","og_title":"Configuration Exchange sur iOS - Support Global SP","og_description":"Configuration Exchange sur iOS[vc_row][vc_column width=\"2\/3\" el_class=\"procedure\" css=\".vc_custom_1507561545049{margin-right: 40px !important;}\"][vc_column_text el_class=\"procedure_texte\"]Cette proc\u00e9dure s'applique \u00e0 tous les appareils qui fonctionnent sous iOS, c'est-\u00e0-dire les iPhone et les iPad.[\/vc_column_text][vc_column_text el_class=\"procedure_texte\"]Sur l\u2019\u00e9cran d\u2019accueil de votre appareil, appuyez sur l'ic\u00f4ne \"R\u00e9glages\".\u00a0L\u2019ajout d\u2019un compte s\u2019effectue de trois mani\u00e8res selon votre version d\u2019iOS\u00a0: \u2022\u00a0pour iOS 7, 8 et 9 : appuyez sur\u00a0 [&hellip;]","og_url":"https:\/\/www.globalsp.com\/support\/procedures\/hosted-exchange\/configuration-exchange-ios\/","og_site_name":"Support Global SP","article_modified_time":"2024-10-08T09:37:05+00:00","og_image":[{"url":"https:\/\/www.globalsp.com\/support\/wp-content\/uploads\/2017\/07\/paper.png","type":"","width":"","height":""}],"twitter_card":"summary_large_image","twitter_misc":{"Dur\u00e9e de lecture estim\u00e9e":"3 minutes"},"schema":{"@context":"https:\/\/schema.org","@graph":[{"@type":"WebPage","@id":"https:\/\/www.globalsp.com\/support\/procedures\/hosted-exchange\/configuration-exchange-ios\/","url":"https:\/\/www.globalsp.com\/support\/procedures\/hosted-exchange\/configuration-exchange-ios\/","name":"Configuration Exchange sur iOS - Support Global SP","isPartOf":{"@id":"https:\/\/www.globalsp.com\/support\/#website"},"primaryImageOfPage":{"@id":"https:\/\/www.globalsp.com\/support\/procedures\/hosted-exchange\/configuration-exchange-ios\/#primaryimage"},"image":{"@id":"https:\/\/www.globalsp.com\/support\/procedures\/hosted-exchange\/configuration-exchange-ios\/#primaryimage"},"thumbnailUrl":"https:\/\/www.globalsp.com\/support\/wp-content\/uploads\/2017\/07\/paper.png","datePublished":"2017-08-22T10:05:45+00:00","dateModified":"2024-10-08T09:37:05+00:00","breadcrumb":{"@id":"https:\/\/www.globalsp.com\/support\/procedures\/hosted-exchange\/configuration-exchange-ios\/#breadcrumb"},"inLanguage":"fr-FR","potentialAction":[{"@type":"ReadAction","target":["https:\/\/www.globalsp.com\/support\/procedures\/hosted-exchange\/configuration-exchange-ios\/"]}]},{"@type":"ImageObject","inLanguage":"fr-FR","@id":"https:\/\/www.globalsp.com\/support\/procedures\/hosted-exchange\/configuration-exchange-ios\/#primaryimage","url":"https:\/\/www.globalsp.com\/support\/wp-content\/uploads\/2017\/07\/paper.png","contentUrl":"https:\/\/www.globalsp.com\/support\/wp-content\/uploads\/2017\/07\/paper.png","width":29,"height":35},{"@type":"BreadcrumbList","@id":"https:\/\/www.globalsp.com\/support\/procedures\/hosted-exchange\/configuration-exchange-ios\/#breadcrumb","itemListElement":[{"@type":"ListItem","position":1,"name":"Accueil","item":"https:\/\/www.globalsp.com\/support\/"},{"@type":"ListItem","position":2,"name":"Proc\u00e9dures","item":"https:\/\/www.globalsp.com\/support\/procedures\/"},{"@type":"ListItem","position":3,"name":"Hosted Exchange","item":"https:\/\/www.globalsp.com\/support\/procedures\/hosted-exchange\/"},{"@type":"ListItem","position":4,"name":"Configuration Exchange sur iOS"}]},{"@type":"WebSite","@id":"https:\/\/www.globalsp.com\/support\/#website","url":"https:\/\/www.globalsp.com\/support\/","name":"Support Global SP","description":"Bienvenue sur le site du support de Global SP ! Vous y trouverez toutes les informations n\u00e9cessaires \u00e0 l&#039;administration de vos services.","publisher":{"@id":"https:\/\/www.globalsp.com\/support\/#organization"},"potentialAction":[{"@type":"SearchAction","target":{"@type":"EntryPoint","urlTemplate":"https:\/\/www.globalsp.com\/support\/?s={search_term_string}"},"query-input":{"@type":"PropertyValueSpecification","valueRequired":true,"valueName":"search_term_string"}}],"inLanguage":"fr-FR"},{"@type":"Organization","@id":"https:\/\/www.globalsp.com\/support\/#organization","name":"Global SP","url":"https:\/\/www.globalsp.com\/support\/","logo":{"@type":"ImageObject","inLanguage":"fr-FR","@id":"https:\/\/www.globalsp.com\/support\/#\/schema\/logo\/image\/","url":"https:\/\/www.globalsp.com\/support\/wp-content\/uploads\/2018\/03\/Logo_GSP_noir_web_BD.png","contentUrl":"https:\/\/www.globalsp.com\/support\/wp-content\/uploads\/2018\/03\/Logo_GSP_noir_web_BD.png","width":300,"height":44,"caption":"Global SP"},"image":{"@id":"https:\/\/www.globalsp.com\/support\/#\/schema\/logo\/image\/"}}]}},"_links":{"self":[{"href":"https:\/\/www.globalsp.com\/support\/wp-json\/wp\/v2\/pages\/71","targetHints":{"allow":["GET"]}}],"collection":[{"href":"https:\/\/www.globalsp.com\/support\/wp-json\/wp\/v2\/pages"}],"about":[{"href":"https:\/\/www.globalsp.com\/support\/wp-json\/wp\/v2\/types\/page"}],"author":[{"embeddable":true,"href":"https:\/\/www.globalsp.com\/support\/wp-json\/wp\/v2\/users\/8"}],"replies":[{"embeddable":true,"href":"https:\/\/www.globalsp.com\/support\/wp-json\/wp\/v2\/comments?post=71"}],"version-history":[{"count":73,"href":"https:\/\/www.globalsp.com\/support\/wp-json\/wp\/v2\/pages\/71\/revisions"}],"predecessor-version":[{"id":2929,"href":"https:\/\/www.globalsp.com\/support\/wp-json\/wp\/v2\/pages\/71\/revisions\/2929"}],"up":[{"embeddable":true,"href":"https:\/\/www.globalsp.com\/support\/wp-json\/wp\/v2\/pages\/68"}],"wp:attachment":[{"href":"https:\/\/www.globalsp.com\/support\/wp-json\/wp\/v2\/media?parent=71"}],"curies":[{"name":"wp","href":"https:\/\/api.w.org\/{rel}","templated":true}]}}