{"id":775,"date":"2018-02-13T15:23:28","date_gmt":"2018-02-13T15:23:28","guid":{"rendered":"https:\/\/www.globalsp.com\/support\/?page_id=775"},"modified":"2024-10-08T10:37:07","modified_gmt":"2024-10-08T10:37:07","slug":"connexion-applications-via-mac-2008","status":"publish","type":"page","link":"https:\/\/www.globalsp.com\/support\/procedures\/rds\/connexion-applications-via-mac-2008\/","title":{"rendered":"Connexion aux applications RDS via un Mac (2008)"},"content":{"rendered":"<div class=\"wpb-content-wrapper\"><p>[et_pb_section fb_built=\u00a0\u00bb1&Prime; admin_label=\u00a0\u00bbsection\u00a0\u00bb _builder_version=\u00a0\u00bb4.16&Prime; global_colors_info=\u00a0\u00bb{}\u00a0\u00bb][et_pb_row _builder_version=\u00a0\u00bb4.27.2&Prime; _module_preset=\u00a0\u00bbdefault\u00a0\u00bb custom_padding=\u00a0\u00bb0px||0px||false|false\u00a0\u00bb global_colors_info=\u00a0\u00bb{}\u00a0\u00bb theme_builder_area=\u00a0\u00bbpost_content\u00a0\u00bb][et_pb_column type=\u00a0\u00bb4_4&Prime; _builder_version=\u00a0\u00bb4.27.2&Prime; _module_preset=\u00a0\u00bbdefault\u00a0\u00bb global_colors_info=\u00a0\u00bb{}\u00a0\u00bb theme_builder_area=\u00a0\u00bbpost_content\u00a0\u00bb][et_pb_text _builder_version=\u00a0\u00bb4.27.2&Prime; _module_preset=\u00a0\u00bbdefault\u00a0\u00bb header_font=\u00a0\u00bb|600||on|||||\u00a0\u00bb header_text_align=\u00a0\u00bbcenter\u00a0\u00bb header_line_height=\u00a0\u00bb1.7em\u00a0\u00bb header_2_font=\u00a0\u00bb|600||on|||||\u00a0\u00bb header_2_text_align=\u00a0\u00bbcenter\u00a0\u00bb header_2_font_size=\u00a0\u00bb28px\u00a0\u00bb header_2_line_height=\u00a0\u00bb1.7em\u00a0\u00bb hover_enabled=\u00a0\u00bb0&Prime; global_colors_info=\u00a0\u00bb{}\u00a0\u00bb theme_builder_area=\u00a0\u00bbpost_content\u00a0\u00bb sticky_enabled=\u00a0\u00bb0&Prime;]<\/p>\n<h1 class=\"entry-title main_title\">Connexion aux applications RDS via un Mac (2008)<\/h1>\n<p>[\/et_pb_text][\/et_pb_column][\/et_pb_row][et_pb_row admin_label=\u00a0\u00bbrow\u00a0\u00bb _builder_version=\u00a0\u00bb4.27.2&Prime; background_size=\u00a0\u00bbinitial\u00a0\u00bb background_position=\u00a0\u00bbtop_left\u00a0\u00bb background_repeat=\u00a0\u00bbrepeat\u00a0\u00bb hover_enabled=\u00a0\u00bb0&Prime; global_colors_info=\u00a0\u00bb{}\u00a0\u00bb width=\u00a0\u00bb85%\u00a0\u00bb sticky_enabled=\u00a0\u00bb0&Prime; custom_padding=\u00a0\u00bb1px|||||\u00a0\u00bb][et_pb_column type=\u00a0\u00bb4_4&Prime; _builder_version=\u00a0\u00bb4.16&Prime; custom_padding=\u00a0\u00bb|||\u00a0\u00bb global_colors_info=\u00a0\u00bb{}\u00a0\u00bb custom_padding__hover=\u00a0\u00bb|||\u00a0\u00bb][et_pb_text admin_label=\u00a0\u00bbText\u00a0\u00bb _builder_version=\u00a0\u00bb4.27.2&Prime; background_size=\u00a0\u00bbinitial\u00a0\u00bb background_position=\u00a0\u00bbtop_left\u00a0\u00bb background_repeat=\u00a0\u00bbrepeat\u00a0\u00bb hover_enabled=\u00a0\u00bb0&Prime; global_colors_info=\u00a0\u00bb{}\u00a0\u00bb sticky_enabled=\u00a0\u00bb0&Prime;]<\/p>\n<p>[vc_row][vc_column width=\u00a0\u00bb2\/3&Prime; el_class=\u00a0\u00bbprocedure\u00a0\u00bb css=\u00a0\u00bb.vc_custom_1507561545049{margin-right: 40px !important;}\u00a0\u00bb][vc_column_text el_class=\u00a0\u00bbprocedure_texte\u00a0\u00bb]Microsoft Remote Desktop est une application logiciel qui permet de faire des connexions RDP sur des postes Windows depuis un environnement Mac. Vous pouvez la t\u00e9l\u00e9charger depuis l&rsquo;Apple Store.[\/vc_column_text][vc_column_text el_class=\u00a0\u00bbprocedure_texte\u00a0\u00bb]Dans l&rsquo;application Microsoft Remote Desktop, cliquez sur l&rsquo;onglet \u00ab Pr\u00e9f\u00e9rences \u00bb :[\/vc_column_text][vc_single_image image=\u00a0\u00bb1916&Prime; img_size=\u00a0\u00bbfull\u00a0\u00bb style=\u00a0\u00bbvc_box_outline\u00a0\u00bb onclick=\u00a0\u00bblink_image\u00a0\u00bb][vc_column_text el_class=\u00a0\u00bbprocedure_texte\u00a0\u00bb]Cliquez sur l&rsquo;ic\u00f4ne \u00ab\u00a0+\u00a0\u00bb situ\u00e9e en bas \u00e0 gauche de votre fen\u00eatre et renseignez les informations suivantes :<\/p>\n<p>\u2022 Gateway name : gateway apps (nom de passerelle personnalisable)<br \/>\u2022 Serveur : apps.cloudforyou.fr<br \/>\u2022 User name : votre identifiant habituel<br \/>\u2022 Password : votre mot de passe habituel[\/vc_column_text][vc_single_image image=\u00a0\u00bb1918&Prime; img_size=\u00a0\u00bbfull\u00a0\u00bb style=\u00a0\u00bbvc_box_outline\u00a0\u00bb onclick=\u00a0\u00bblink_image\u00a0\u00bb][vc_column_text el_class=\u00a0\u00bbprocedure_texte\u00a0\u00bb]Cliquez sur l&rsquo;onglet \u00ab New \u00bb :[\/vc_column_text][vc_single_image image=\u00a0\u00bb1921&Prime; img_size=\u00a0\u00bbfull\u00a0\u00bb style=\u00a0\u00bbvc_box_outline\u00a0\u00bb onclick=\u00a0\u00bblink_image\u00a0\u00bb][vc_column_text el_class=\u00a0\u00bbprocedure_texte\u00a0\u00bb]Dans l\u2019onglet \u00ab G\u00e9n\u00e9ral \u00bb, modifiez les champs suivants :<\/p>\n<p>\u2022 Connection name : rdshXXXXX*.exchange.local<br \/>\u2022 PC name : rdshXXXXX*.exchange.local<br \/>\u2022 Gateway : gateway apps (le nom de la passerelle que vous avez choisi)<br \/>\u2022 Username :\u00a0votre identifiant habituel<br \/>\u2022 Password : votre mot de passe habituel<\/p>\n<p>&nbsp;<\/p>\n<p><strong><span style=\"color: #ff0000;\">*XXXXX : pour conna\u00eetre le nom du serveur contactez votre administrateur.<br \/><\/span><\/strong>[\/vc_column_text][vc_single_image image=\u00a0\u00bb779&Prime; img_size=\u00a0\u00bbfull\u00a0\u00bb style=\u00a0\u00bbvc_box_outline\u00a0\u00bb onclick=\u00a0\u00bblink_image\u00a0\u00bb][vc_column_text el_class=\u00a0\u00bbprocedure_texte\u00a0\u00bb]Fermez la fen\u00eatre pr\u00e9c\u00e9dente puis cliquez sur l&rsquo;onglet \u00ab Remote Ressources \u00bb puis renseignez les champs suivants :<br \/>\u2022 URL : https:\/\/apps.cloudforyou.fr\/<br \/>\u2022 User name : votre identifiant habituel<br \/>\u2022 Password : votre mot de passe habituel<\/p>\n<p>&nbsp;<\/p>\n<p>Puis cliquez sur \u00ab Refresh \u00bb pour faire appara\u00eetre les applications.[\/vc_column_text][vc_single_image image=\u00a0\u00bb780&Prime; img_size=\u00a0\u00bbfull\u00a0\u00bb style=\u00a0\u00bbvc_box_outline\u00a0\u00bb onclick=\u00a0\u00bblink_image\u00a0\u00bb][vc_single_image image=\u00a0\u00bb2123&Prime; img_size=\u00a0\u00bbfull\u00a0\u00bb style=\u00a0\u00bbvc_box_outline\u00a0\u00bb onclick=\u00a0\u00bblink_image\u00a0\u00bb][\/vc_column][vc_column width=\u00a0\u00bb1\/3&Prime; el_class=\u00a0\u00bbprocedures_similaires\u00a0\u00bb css=\u00a0\u00bb.vc_custom_1508419955107{margin-left: 20px !important;padding-top: 30px !important;padding-right: 30px !important;padding-left: 30px !important;background-color: #f6f4f4 !important;border-radius: 10px !important;}\u00a0\u00bb][vc_column_text el_class=\u00a0\u00bbprocedures_similaires_title\u00a0\u00bb]<\/p>\n<h2>Proc\u00e9dures similaires<\/h2>\n<p>[\/vc_column_text][vc_column_text css=\u00a0\u00bb.vc_custom_1531735406058{margin-bottom: 25px !important;}\u00a0\u00bb]<\/p>\n<p class=\"p1\"><img loading=\"lazy\" decoding=\"async\" class=\"alignnone wp-image-545 size-full\" src=\"https:\/\/www.globalsp.com\/support\/wp-content\/uploads\/2017\/07\/paper.png\" alt=\"\" width=\"29\" height=\"35\" \/>\u00a0 <a href=\"https:\/\/www.globalsp.com\/support\/procedures\/rds\/connexion-applications-via-iphone\/\">Connexion aux applications RDS via un iPhone<\/a><\/p>\n<p>[\/vc_column_text][vc_separator][vc_column_text css=\u00a0\u00bb.vc_custom_1522237217638{margin-bottom: 25px !important;}\u00a0\u00bb]<\/p>\n<p class=\"p1\"><img loading=\"lazy\" decoding=\"async\" class=\"alignnone wp-image-545 size-full\" src=\"https:\/\/www.globalsp.com\/support\/wp-content\/uploads\/2017\/07\/paper.png\" alt=\"\" width=\"29\" height=\"35\" \/>\u00a0 <a href=\"https:\/\/www.globalsp.com\/support\/procedures\/rds\/connexion-applications-via-mac-2012\/\">Connexion aux applications RDS via un Mac (2012)<\/a><\/p>\n<p>[\/vc_column_text][vc_separator][vc_column_text css=\u00a0\u00bb.vc_custom_1533309341640{margin-bottom: 25px !important;}\u00a0\u00bb]<\/p>\n<p class=\"p1\"><img loading=\"lazy\" decoding=\"async\" class=\"alignnone wp-image-545 size-full\" src=\"https:\/\/www.globalsp.com\/support\/wp-content\/uploads\/2017\/07\/paper.png\" alt=\"\" width=\"29\" height=\"35\" \/>\u00a0 <a href=\"https:\/\/www.globalsp.com\/support\/procedures\/rds\/connexion-applications-via-windows\/\">Connexion aux applications RDS via un Windows<\/a><\/p>\n<p>[\/vc_column_text][\/vc_column][\/vc_row]<\/p>\n<p>[\/et_pb_text][\/et_pb_column][\/et_pb_row][\/et_pb_section]<\/p>\n<\/div>","protected":false},"excerpt":{"rendered":"<p>Connexion aux applications RDS via un Mac (2008)[vc_row][vc_column width=\u00a0\u00bb2\/3&Prime; el_class=\u00a0\u00bbprocedure\u00a0\u00bb css=\u00a0\u00bb.vc_custom_1507561545049{margin-right: 40px !important;}\u00a0\u00bb][vc_column_text el_class=\u00a0\u00bbprocedure_texte\u00a0\u00bb]Microsoft Remote Desktop est une application logiciel qui permet de faire des connexions RDP sur des postes Windows depuis un environnement Mac. Vous pouvez la t\u00e9l\u00e9charger depuis l&rsquo;Apple Store.[\/vc_column_text][vc_column_text el_class=\u00a0\u00bbprocedure_texte\u00a0\u00bb]Dans l&rsquo;application Microsoft Remote Desktop, cliquez sur l&rsquo;onglet \u00ab Pr\u00e9f\u00e9rences \u00bb :[\/vc_column_text][vc_single_image image=\u00a0\u00bb1916&Prime; [&hellip;]<\/p>\n","protected":false},"author":8,"featured_media":0,"parent":750,"menu_order":0,"comment_status":"closed","ping_status":"closed","template":"","meta":{"_et_pb_use_builder":"on","_et_pb_old_content":"[vc_row][vc_column width=\"2\/3\" el_class=\"procedure\" css=\".vc_custom_1507561545049{margin-right: 40px !important;}\"][vc_column_text el_class=\"procedure_texte\"]Microsoft Remote Desktop est une application logiciel qui permet de faire des connexions RDP sur des postes Windows depuis un environnement Mac. Vous pouvez la t\u00e9l\u00e9charger depuis l'Apple Store.[\/vc_column_text][vc_column_text el_class=\"procedure_texte\"]Dans l'application Microsoft Remote Desktop, cliquez sur l'onglet \u00ab Pr\u00e9f\u00e9rences \u00bb :[\/vc_column_text][vc_single_image image=\"1916\" img_size=\"full\" style=\"vc_box_outline\" onclick=\"link_image\"][vc_column_text el_class=\"procedure_texte\"]Cliquez sur l'ic\u00f4ne \"+\" situ\u00e9e en bas \u00e0 gauche de votre fen\u00eatre et renseignez les informations suivantes :\r\n\r\n\u2022 Gateway name : gateway apps (nom de passerelle personnalisable)\r\n\u2022 Serveur : apps.cloudforyou.fr\r\n\u2022 User name : votre identifiant habituel\r\n\u2022 Password : votre mot de passe habituel[\/vc_column_text][vc_single_image image=\"1918\" img_size=\"full\" style=\"vc_box_outline\" onclick=\"link_image\"][vc_column_text el_class=\"procedure_texte\"]Cliquez sur l'onglet \u00ab New \u00bb :[\/vc_column_text][vc_single_image image=\"1921\" img_size=\"full\" style=\"vc_box_outline\" onclick=\"link_image\"][vc_column_text el_class=\"procedure_texte\"]Dans l\u2019onglet \u00ab G\u00e9n\u00e9ral \u00bb, modifiez les champs suivants :\r\n\r\n\u2022 Connection name : rdshXXXXX*.exchange.local\r\n\u2022 PC name : rdshXXXXX*.exchange.local\r\n\u2022 Gateway : gateway apps (le nom de la passerelle que vous avez choisi)\r\n\u2022 Username :\u00a0votre identifiant habituel\r\n\u2022 Password : votre mot de passe habituel\r\n\r\n&nbsp;\r\n\r\n<strong><span style=\"color: #ff0000;\">*XXXXX : pour conna\u00eetre le nom du serveur contactez votre administrateur.\r\n<\/span><\/strong>[\/vc_column_text][vc_single_image image=\"779\" img_size=\"full\" style=\"vc_box_outline\" onclick=\"link_image\"][vc_column_text el_class=\"procedure_texte\"]Fermez la fen\u00eatre pr\u00e9c\u00e9dente puis cliquez sur l'onglet \u00ab Remote Ressources \u00bb puis renseignez les champs suivants :\r\n\u2022 URL : https:\/\/apps.cloudforyou.fr\/\r\n\u2022 User name : votre identifiant habituel\r\n\u2022 Password : votre mot de passe habituel\r\n\r\n&nbsp;\r\n\r\nPuis cliquez sur \u00ab Refresh \u00bb pour faire appara\u00eetre les applications.[\/vc_column_text][vc_single_image image=\"780\" img_size=\"full\" style=\"vc_box_outline\" onclick=\"link_image\"][vc_single_image image=\"2123\" img_size=\"full\" style=\"vc_box_outline\" onclick=\"link_image\"][\/vc_column][vc_column width=\"1\/3\" el_class=\"procedures_similaires\" css=\".vc_custom_1508419955107{margin-left: 20px !important;padding-top: 30px !important;padding-right: 30px !important;padding-left: 30px !important;background-color: #f6f4f4 !important;border-radius: 10px !important;}\"][vc_column_text el_class=\"procedures_similaires_title\"]\r\n<h2>Proc\u00e9dures similaires<\/h2>\r\n[\/vc_column_text][vc_column_text css=\".vc_custom_1531735406058{margin-bottom: 25px !important;}\"]\r\n<p class=\"p1\"><img class=\"alignnone wp-image-545 size-full\" src=\"https:\/\/www.globalsp.com\/support\/wp-content\/uploads\/2017\/07\/paper.png\" alt=\"\" width=\"29\" height=\"35\" \/><a href=\"https:\/\/www.globalsp.com\/support\/procedures\/rds\/connexion-applications-via-iphone\/\">Connexion aux applications RDS via un iPhone<\/a><\/p>\r\n[\/vc_column_text][vc_separator][vc_column_text css=\".vc_custom_1522237217638{margin-bottom: 25px !important;}\"]\r\n<p class=\"p1\"><img class=\"alignnone wp-image-545 size-full\" src=\"https:\/\/www.globalsp.com\/support\/wp-content\/uploads\/2017\/07\/paper.png\" alt=\"\" width=\"29\" height=\"35\" \/><a href=\"https:\/\/www.globalsp.com\/support\/procedures\/rds\/connexion-applications-via-mac-2012\/\">Connexion aux applications RDS via un Mac (2012)<\/a><\/p>\r\n[\/vc_column_text][vc_separator][vc_column_text css=\".vc_custom_1533309341640{margin-bottom: 25px !important;}\"]\r\n<p class=\"p1\"><img class=\"alignnone wp-image-545 size-full\" src=\"https:\/\/www.globalsp.com\/support\/wp-content\/uploads\/2017\/07\/paper.png\" alt=\"\" width=\"29\" height=\"35\" \/><a href=\"https:\/\/www.globalsp.com\/support\/procedures\/rds\/connexion-applications-via-windows\/\">Connexion aux applications RDS via un Windows<\/a><\/p>\r\n[\/vc_column_text][\/vc_column][\/vc_row]","_et_gb_content_width":"","footnotes":""},"class_list":["post-775","page","type-page","status-publish","hentry"],"yoast_head":"<!-- This site is optimized with the Yoast SEO plugin v27.5 - https:\/\/yoast.com\/product\/yoast-seo-wordpress\/ -->\n<title>Connexion aux applications RDS via un Mac (2008) - Support Global SP<\/title>\n<meta name=\"robots\" content=\"index, follow, max-snippet:-1, max-image-preview:large, max-video-preview:-1\" \/>\n<link rel=\"canonical\" href=\"https:\/\/www.globalsp.com\/support\/procedures\/rds\/connexion-applications-via-mac-2008\/\" \/>\n<meta property=\"og:locale\" content=\"fr_FR\" \/>\n<meta property=\"og:type\" content=\"article\" \/>\n<meta property=\"og:title\" content=\"Connexion aux applications RDS via un Mac (2008) - Support Global SP\" \/>\n<meta property=\"og:description\" content=\"Connexion aux applications RDS via un Mac (2008)[vc_row][vc_column width=&quot;2\/3&quot; el_class=&quot;procedure&quot; css=&quot;.vc_custom_1507561545049{margin-right: 40px !important;}&quot;][vc_column_text el_class=&quot;procedure_texte&quot;]Microsoft Remote Desktop est une application logiciel qui permet de faire des connexions RDP sur des postes Windows depuis un environnement Mac. Vous pouvez la t\u00e9l\u00e9charger depuis l&#039;Apple Store.[\/vc_column_text][vc_column_text el_class=&quot;procedure_texte&quot;]Dans l&#039;application Microsoft Remote Desktop, cliquez sur l&#039;onglet \u00ab Pr\u00e9f\u00e9rences \u00bb :[\/vc_column_text][vc_single_image image=&quot;1916&quot; [&hellip;]\" \/>\n<meta property=\"og:url\" content=\"https:\/\/www.globalsp.com\/support\/procedures\/rds\/connexion-applications-via-mac-2008\/\" \/>\n<meta property=\"og:site_name\" content=\"Support Global SP\" \/>\n<meta property=\"article:modified_time\" content=\"2024-10-08T10:37:07+00:00\" \/>\n<meta property=\"og:image\" content=\"https:\/\/www.globalsp.com\/support\/wp-content\/uploads\/2017\/07\/paper.png\" \/>\n<meta name=\"twitter:card\" content=\"summary_large_image\" \/>\n<meta name=\"twitter:label1\" content=\"Dur\u00e9e de lecture estim\u00e9e\" \/>\n\t<meta name=\"twitter:data1\" content=\"3 minutes\" \/>\n<script type=\"application\/ld+json\" class=\"yoast-schema-graph\">{\"@context\":\"https:\\\/\\\/schema.org\",\"@graph\":[{\"@type\":\"WebPage\",\"@id\":\"https:\\\/\\\/www.globalsp.com\\\/support\\\/procedures\\\/rds\\\/connexion-applications-via-mac-2008\\\/\",\"url\":\"https:\\\/\\\/www.globalsp.com\\\/support\\\/procedures\\\/rds\\\/connexion-applications-via-mac-2008\\\/\",\"name\":\"Connexion aux applications RDS via un Mac (2008) - Support Global SP\",\"isPartOf\":{\"@id\":\"https:\\\/\\\/www.globalsp.com\\\/support\\\/#website\"},\"primaryImageOfPage\":{\"@id\":\"https:\\\/\\\/www.globalsp.com\\\/support\\\/procedures\\\/rds\\\/connexion-applications-via-mac-2008\\\/#primaryimage\"},\"image\":{\"@id\":\"https:\\\/\\\/www.globalsp.com\\\/support\\\/procedures\\\/rds\\\/connexion-applications-via-mac-2008\\\/#primaryimage\"},\"thumbnailUrl\":\"https:\\\/\\\/www.globalsp.com\\\/support\\\/wp-content\\\/uploads\\\/2017\\\/07\\\/paper.png\",\"datePublished\":\"2018-02-13T15:23:28+00:00\",\"dateModified\":\"2024-10-08T10:37:07+00:00\",\"breadcrumb\":{\"@id\":\"https:\\\/\\\/www.globalsp.com\\\/support\\\/procedures\\\/rds\\\/connexion-applications-via-mac-2008\\\/#breadcrumb\"},\"inLanguage\":\"fr-FR\",\"potentialAction\":[{\"@type\":\"ReadAction\",\"target\":[\"https:\\\/\\\/www.globalsp.com\\\/support\\\/procedures\\\/rds\\\/connexion-applications-via-mac-2008\\\/\"]}]},{\"@type\":\"ImageObject\",\"inLanguage\":\"fr-FR\",\"@id\":\"https:\\\/\\\/www.globalsp.com\\\/support\\\/procedures\\\/rds\\\/connexion-applications-via-mac-2008\\\/#primaryimage\",\"url\":\"https:\\\/\\\/www.globalsp.com\\\/support\\\/wp-content\\\/uploads\\\/2017\\\/07\\\/paper.png\",\"contentUrl\":\"https:\\\/\\\/www.globalsp.com\\\/support\\\/wp-content\\\/uploads\\\/2017\\\/07\\\/paper.png\",\"width\":29,\"height\":35},{\"@type\":\"BreadcrumbList\",\"@id\":\"https:\\\/\\\/www.globalsp.com\\\/support\\\/procedures\\\/rds\\\/connexion-applications-via-mac-2008\\\/#breadcrumb\",\"itemListElement\":[{\"@type\":\"ListItem\",\"position\":1,\"name\":\"Accueil\",\"item\":\"https:\\\/\\\/www.globalsp.com\\\/support\\\/\"},{\"@type\":\"ListItem\",\"position\":2,\"name\":\"Proc\u00e9dures\",\"item\":\"https:\\\/\\\/www.globalsp.com\\\/support\\\/procedures\\\/\"},{\"@type\":\"ListItem\",\"position\":3,\"name\":\"Remote Desktop Services (RDS)\",\"item\":\"https:\\\/\\\/www.globalsp.com\\\/support\\\/procedures\\\/rds\\\/\"},{\"@type\":\"ListItem\",\"position\":4,\"name\":\"Connexion aux applications RDS via un Mac (2008)\"}]},{\"@type\":\"WebSite\",\"@id\":\"https:\\\/\\\/www.globalsp.com\\\/support\\\/#website\",\"url\":\"https:\\\/\\\/www.globalsp.com\\\/support\\\/\",\"name\":\"Support Global SP\",\"description\":\"Bienvenue sur le site du support de Global SP ! Vous y trouverez toutes les informations n\u00e9cessaires \u00e0 l&#039;administration de vos services.\",\"publisher\":{\"@id\":\"https:\\\/\\\/www.globalsp.com\\\/support\\\/#organization\"},\"potentialAction\":[{\"@type\":\"SearchAction\",\"target\":{\"@type\":\"EntryPoint\",\"urlTemplate\":\"https:\\\/\\\/www.globalsp.com\\\/support\\\/?s={search_term_string}\"},\"query-input\":{\"@type\":\"PropertyValueSpecification\",\"valueRequired\":true,\"valueName\":\"search_term_string\"}}],\"inLanguage\":\"fr-FR\"},{\"@type\":\"Organization\",\"@id\":\"https:\\\/\\\/www.globalsp.com\\\/support\\\/#organization\",\"name\":\"Global SP\",\"url\":\"https:\\\/\\\/www.globalsp.com\\\/support\\\/\",\"logo\":{\"@type\":\"ImageObject\",\"inLanguage\":\"fr-FR\",\"@id\":\"https:\\\/\\\/www.globalsp.com\\\/support\\\/#\\\/schema\\\/logo\\\/image\\\/\",\"url\":\"https:\\\/\\\/www.globalsp.com\\\/support\\\/wp-content\\\/uploads\\\/2018\\\/03\\\/Logo_GSP_noir_web_BD.png\",\"contentUrl\":\"https:\\\/\\\/www.globalsp.com\\\/support\\\/wp-content\\\/uploads\\\/2018\\\/03\\\/Logo_GSP_noir_web_BD.png\",\"width\":300,\"height\":44,\"caption\":\"Global SP\"},\"image\":{\"@id\":\"https:\\\/\\\/www.globalsp.com\\\/support\\\/#\\\/schema\\\/logo\\\/image\\\/\"}}]}<\/script>\n<!-- \/ Yoast SEO plugin. -->","yoast_head_json":{"title":"Connexion aux applications RDS via un Mac (2008) - Support Global SP","robots":{"index":"index","follow":"follow","max-snippet":"max-snippet:-1","max-image-preview":"max-image-preview:large","max-video-preview":"max-video-preview:-1"},"canonical":"https:\/\/www.globalsp.com\/support\/procedures\/rds\/connexion-applications-via-mac-2008\/","og_locale":"fr_FR","og_type":"article","og_title":"Connexion aux applications RDS via un Mac (2008) - Support Global SP","og_description":"Connexion aux applications RDS via un Mac (2008)[vc_row][vc_column width=\"2\/3\" el_class=\"procedure\" css=\".vc_custom_1507561545049{margin-right: 40px !important;}\"][vc_column_text el_class=\"procedure_texte\"]Microsoft Remote Desktop est une application logiciel qui permet de faire des connexions RDP sur des postes Windows depuis un environnement Mac. Vous pouvez la t\u00e9l\u00e9charger depuis l'Apple Store.[\/vc_column_text][vc_column_text el_class=\"procedure_texte\"]Dans l'application Microsoft Remote Desktop, cliquez sur l'onglet \u00ab Pr\u00e9f\u00e9rences \u00bb :[\/vc_column_text][vc_single_image image=\"1916\" [&hellip;]","og_url":"https:\/\/www.globalsp.com\/support\/procedures\/rds\/connexion-applications-via-mac-2008\/","og_site_name":"Support Global SP","article_modified_time":"2024-10-08T10:37:07+00:00","og_image":[{"url":"https:\/\/www.globalsp.com\/support\/wp-content\/uploads\/2017\/07\/paper.png","type":"","width":"","height":""}],"twitter_card":"summary_large_image","twitter_misc":{"Dur\u00e9e de lecture estim\u00e9e":"3 minutes"},"schema":{"@context":"https:\/\/schema.org","@graph":[{"@type":"WebPage","@id":"https:\/\/www.globalsp.com\/support\/procedures\/rds\/connexion-applications-via-mac-2008\/","url":"https:\/\/www.globalsp.com\/support\/procedures\/rds\/connexion-applications-via-mac-2008\/","name":"Connexion aux applications RDS via un Mac (2008) - Support Global SP","isPartOf":{"@id":"https:\/\/www.globalsp.com\/support\/#website"},"primaryImageOfPage":{"@id":"https:\/\/www.globalsp.com\/support\/procedures\/rds\/connexion-applications-via-mac-2008\/#primaryimage"},"image":{"@id":"https:\/\/www.globalsp.com\/support\/procedures\/rds\/connexion-applications-via-mac-2008\/#primaryimage"},"thumbnailUrl":"https:\/\/www.globalsp.com\/support\/wp-content\/uploads\/2017\/07\/paper.png","datePublished":"2018-02-13T15:23:28+00:00","dateModified":"2024-10-08T10:37:07+00:00","breadcrumb":{"@id":"https:\/\/www.globalsp.com\/support\/procedures\/rds\/connexion-applications-via-mac-2008\/#breadcrumb"},"inLanguage":"fr-FR","potentialAction":[{"@type":"ReadAction","target":["https:\/\/www.globalsp.com\/support\/procedures\/rds\/connexion-applications-via-mac-2008\/"]}]},{"@type":"ImageObject","inLanguage":"fr-FR","@id":"https:\/\/www.globalsp.com\/support\/procedures\/rds\/connexion-applications-via-mac-2008\/#primaryimage","url":"https:\/\/www.globalsp.com\/support\/wp-content\/uploads\/2017\/07\/paper.png","contentUrl":"https:\/\/www.globalsp.com\/support\/wp-content\/uploads\/2017\/07\/paper.png","width":29,"height":35},{"@type":"BreadcrumbList","@id":"https:\/\/www.globalsp.com\/support\/procedures\/rds\/connexion-applications-via-mac-2008\/#breadcrumb","itemListElement":[{"@type":"ListItem","position":1,"name":"Accueil","item":"https:\/\/www.globalsp.com\/support\/"},{"@type":"ListItem","position":2,"name":"Proc\u00e9dures","item":"https:\/\/www.globalsp.com\/support\/procedures\/"},{"@type":"ListItem","position":3,"name":"Remote Desktop Services (RDS)","item":"https:\/\/www.globalsp.com\/support\/procedures\/rds\/"},{"@type":"ListItem","position":4,"name":"Connexion aux applications RDS via un Mac (2008)"}]},{"@type":"WebSite","@id":"https:\/\/www.globalsp.com\/support\/#website","url":"https:\/\/www.globalsp.com\/support\/","name":"Support Global SP","description":"Bienvenue sur le site du support de Global SP ! Vous y trouverez toutes les informations n\u00e9cessaires \u00e0 l&#039;administration de vos services.","publisher":{"@id":"https:\/\/www.globalsp.com\/support\/#organization"},"potentialAction":[{"@type":"SearchAction","target":{"@type":"EntryPoint","urlTemplate":"https:\/\/www.globalsp.com\/support\/?s={search_term_string}"},"query-input":{"@type":"PropertyValueSpecification","valueRequired":true,"valueName":"search_term_string"}}],"inLanguage":"fr-FR"},{"@type":"Organization","@id":"https:\/\/www.globalsp.com\/support\/#organization","name":"Global SP","url":"https:\/\/www.globalsp.com\/support\/","logo":{"@type":"ImageObject","inLanguage":"fr-FR","@id":"https:\/\/www.globalsp.com\/support\/#\/schema\/logo\/image\/","url":"https:\/\/www.globalsp.com\/support\/wp-content\/uploads\/2018\/03\/Logo_GSP_noir_web_BD.png","contentUrl":"https:\/\/www.globalsp.com\/support\/wp-content\/uploads\/2018\/03\/Logo_GSP_noir_web_BD.png","width":300,"height":44,"caption":"Global SP"},"image":{"@id":"https:\/\/www.globalsp.com\/support\/#\/schema\/logo\/image\/"}}]}},"_links":{"self":[{"href":"https:\/\/www.globalsp.com\/support\/wp-json\/wp\/v2\/pages\/775","targetHints":{"allow":["GET"]}}],"collection":[{"href":"https:\/\/www.globalsp.com\/support\/wp-json\/wp\/v2\/pages"}],"about":[{"href":"https:\/\/www.globalsp.com\/support\/wp-json\/wp\/v2\/types\/page"}],"author":[{"embeddable":true,"href":"https:\/\/www.globalsp.com\/support\/wp-json\/wp\/v2\/users\/8"}],"replies":[{"embeddable":true,"href":"https:\/\/www.globalsp.com\/support\/wp-json\/wp\/v2\/comments?post=775"}],"version-history":[{"count":29,"href":"https:\/\/www.globalsp.com\/support\/wp-json\/wp\/v2\/pages\/775\/revisions"}],"predecessor-version":[{"id":2966,"href":"https:\/\/www.globalsp.com\/support\/wp-json\/wp\/v2\/pages\/775\/revisions\/2966"}],"up":[{"embeddable":true,"href":"https:\/\/www.globalsp.com\/support\/wp-json\/wp\/v2\/pages\/750"}],"wp:attachment":[{"href":"https:\/\/www.globalsp.com\/support\/wp-json\/wp\/v2\/media?parent=775"}],"curies":[{"name":"wp","href":"https:\/\/api.w.org\/{rel}","templated":true}]}}